{"id":4177,"date":"2016-09-27T14:12:57","date_gmt":"2016-09-27T19:12:57","guid":{"rendered":"http:\/\/hvovet.com\/hvo\/en\/bovins-laitier-et-boucherie\/liens-utiles\/"},"modified":"2022-01-24T16:22:10","modified_gmt":"2022-01-24T20:22:10","slug":"liens-utiles","status":"publish","type":"page","link":"https:\/\/hvovet.com\/en\/bovins-laitier-et-boucherie\/liens-utiles\/","title":{"rendered":"Useful Links"},"content":{"rendered":"<ul>\n<li><span style=\"color: #993300;\"><a style=\"color: #993300;\" href=\"http:\/\/www.agrireseau.qc.ca\/\" target=\"_blank\" rel=\"noopener noreferrer\">Agri-R\u00e9seau<\/a><\/span><\/li>\n<li><span style=\"color: #993300;\"><a style=\"color: #993300;\" href=\"http:\/\/www.ayrshire-canada.com\/en\/\" target=\"_blank\" rel=\"noopener noreferrer\">Ayrshire Breeders\u2019 Association of Canada<\/a><\/span><\/li>\n<li><span style=\"color: #993300;\"><a style=\"color: #993300;\" href=\"http:\/\/www.craaq.qc.ca\/en\" target=\"_blank\" rel=\"noopener noreferrer\">CRAAQ \u2013 Centre de r\u00e9f\u00e9rence en agriculture et agroalimentaire du Qu\u00e9bec<\/a><\/span><\/li>\n<li><span style=\"color: #993300;\"><a style=\"color: #993300;\" href=\"http:\/\/www.dsahr.ca\/\" target=\"_blank\" rel=\"noopener noreferrer\">DSAHR \u2013 Dossier Sant\u00e9 Animal<\/a><\/span><\/li>\n<li><span style=\"color: #993300;\"><a style=\"color: #993300;\" href=\"https:\/\/www.holstein.ca\/en\/Public\" target=\"_blank\" rel=\"noopener noreferrer\">Holstein Canada<\/a><\/span><\/li>\n<li><span style=\"color: #993300;\"><a style=\"color: #993300;\" href=\"http:\/\/www.jerseycanada.com\/\" target=\"_blank\" rel=\"noopener noreferrer\">Jersey Canada<\/a><\/span><\/li>\n<li><span style=\"color: #993300;\"><a style=\"color: #993300;\" href=\"http:\/\/www.nmconline.org\/\" target=\"_blank\" rel=\"noopener noreferrer\">NMC \u2013 National Mastitis Council<\/a><\/span><\/li>\n<li><span style=\"color: #993300;\"><a style=\"color: #993300;\" href=\"http:\/\/www.medvet.umontreal.ca\/reseau_mammite\/en\/index.php?\" target=\"_blank\" rel=\"noopener noreferrer\">Canadian Bovine Mastitis and Milk Quality Research Network<\/a><\/span><\/li>\n<\/ul>\n","protected":false},"excerpt":{"rendered":"<p>Agri-R\u00e9seau Ayrshire Breeders\u2019 Association of Canada CRAAQ \u2013 Centre de r\u00e9f\u00e9rence en agriculture et agroalimentaire du Qu\u00e9bec DSAHR \u2013 Dossier Sant\u00e9 Animal Holstein Canada Jersey Canada NMC \u2013 National Mastitis Council Canadian Bovine Mastitis and Milk Quality Research Network<\/p>\n","protected":false},"author":1,"featured_media":0,"parent":4172,"menu_order":4,"comment_status":"closed","ping_status":"closed","template":"","meta":{"_acf_changed":false,"footnotes":""},"class_list":["post-4177","page","type-page","status-publish","hentry"],"acf":[],"_links":{"self":[{"href":"https:\/\/hvovet.com\/en\/wp-json\/wp\/v2\/pages\/4177","targetHints":{"allow":["GET"]}}],"collection":[{"href":"https:\/\/hvovet.com\/en\/wp-json\/wp\/v2\/pages"}],"about":[{"href":"https:\/\/hvovet.com\/en\/wp-json\/wp\/v2\/types\/page"}],"author":[{"embeddable":true,"href":"https:\/\/hvovet.com\/en\/wp-json\/wp\/v2\/users\/1"}],"replies":[{"embeddable":true,"href":"https:\/\/hvovet.com\/en\/wp-json\/wp\/v2\/comments?post=4177"}],"version-history":[{"count":6,"href":"https:\/\/hvovet.com\/en\/wp-json\/wp\/v2\/pages\/4177\/revisions"}],"predecessor-version":[{"id":6862,"href":"https:\/\/hvovet.com\/en\/wp-json\/wp\/v2\/pages\/4177\/revisions\/6862"}],"up":[{"embeddable":true,"href":"https:\/\/hvovet.com\/en\/wp-json\/wp\/v2\/pages\/4172"}],"wp:attachment":[{"href":"https:\/\/hvovet.com\/en\/wp-json\/wp\/v2\/media?parent=4177"}],"curies":[{"name":"wp","href":"https:\/\/api.w.org\/{rel}","templated":true}]}}